{"id":171,"date":"2016-10-30T12:40:41","date_gmt":"2016-10-30T12:40:41","guid":{"rendered":"https:\/\/oceanwp.org\/travel\/?page_id=171"},"modified":"2025-04-08T19:36:42","modified_gmt":"2025-04-08T17:36:42","slug":"cnpf","status":"publish","type":"page","link":"https:\/\/aslgfsamoens.fr\/index.php\/cnpf\/","title":{"rendered":"CNPF"},"content":{"rendered":"\t\t<div data-elementor-type=\"wp-post\" data-elementor-id=\"171\" class=\"elementor elementor-171\">\n\t\t\t\t<div class=\"elementor-element elementor-element-ddd864b e-flex e-con-boxed e-con e-parent\" data-id=\"ddd864b\" data-element_type=\"container\">\n\t\t\t\t\t<div class=\"e-con-inner\">\n\t\t\t\t<div class=\"elementor-element elementor-element-c9cb398 elementor-widget elementor-widget-text-editor\" data-id=\"c9cb398\" data-element_type=\"widget\" data-widget_type=\"text-editor.default\">\n\t\t\t\t<div class=\"elementor-widget-container\">\n\t\t\t\t\t\t\t\t\t<p>CNPF\u00a0 : l&#8217;\u00e9tablissement public (=service public) d&#8217;aide aux propri\u00e9taires forestiers. <br \/>Pour faire simple : conseiller les propri\u00e9taires forestier , en \u00e9tant neutre vis \u00e0 vis du de la fili\u00e8re \u00e9conomique. <br \/>De plus, nous sommes l&#8217;organisme qui validons les documents de gestion durable au regard de la Loi et des sch\u00e9ma de gestion r\u00e9gionaux. C&#8217;est notre c\u0153ur de m\u00e9tier.<br \/>En France nous sommes 360 ETP, en haute-Savoie 6 techniciens pour 76 000 propri\u00e9taires.<br \/>Nous sommes les cousins de l&#8217;ONF mais pour la for\u00eat priv\u00e9e. <\/p>\t\t\t\t\t\t\t\t<\/div>\n\t\t\t\t<\/div>\n\t\t\t\t\t<\/div>\n\t\t\t\t<\/div>\n\t\t\t\t<\/div>\n\t\t","protected":false},"excerpt":{"rendered":"<p>CNPF\u00a0 : l&#8217;\u00e9tablissement public (=service public) d&#8217;aide aux propri\u00e9taires forestiers. Pour faire simple : conseiller les propri\u00e9taires forestier , en \u00e9tant neutre vis \u00e0 vis du de la fili\u00e8re \u00e9conomique. De plus, nous sommes l&#8217;organisme qui validons les documents de gestion durable au regard de la Loi et des sch\u00e9ma de gestion r\u00e9gionaux. C&#8217;est notre [&hellip;]<\/p>\n","protected":false},"author":1,"featured_media":0,"parent":0,"menu_order":0,"comment_status":"closed","ping_status":"closed","template":"","meta":{"om_disable_all_campaigns":false,"passster_activate_protection":false,"passster_protect_child_pages":"","passster_protection_type":"password","passster_password":"","passster_activate_overwrite_defaults":"","passster_headline":"","passster_instruction":"","passster_placeholder":"","passster_button":"","passster_id":"","passster_activate_misc_settings":"","passster_redirect_url":"","passster_hide":"no","passster_area_shortcode":"","_monsterinsights_skip_tracking":false,"_monsterinsights_sitenote_active":false,"_monsterinsights_sitenote_note":"","_monsterinsights_sitenote_category":0,"footnotes":""},"class_list":["post-171","page","type-page","status-publish","hentry"],"aioseo_notices":[],"_links":{"self":[{"href":"https:\/\/aslgfsamoens.fr\/index.php\/wp-json\/wp\/v2\/pages\/171","targetHints":{"allow":["GET"]}}],"collection":[{"href":"https:\/\/aslgfsamoens.fr\/index.php\/wp-json\/wp\/v2\/pages"}],"about":[{"href":"https:\/\/aslgfsamoens.fr\/index.php\/wp-json\/wp\/v2\/types\/page"}],"author":[{"embeddable":true,"href":"https:\/\/aslgfsamoens.fr\/index.php\/wp-json\/wp\/v2\/users\/1"}],"replies":[{"embeddable":true,"href":"https:\/\/aslgfsamoens.fr\/index.php\/wp-json\/wp\/v2\/comments?post=171"}],"version-history":[{"count":4,"href":"https:\/\/aslgfsamoens.fr\/index.php\/wp-json\/wp\/v2\/pages\/171\/revisions"}],"predecessor-version":[{"id":785,"href":"https:\/\/aslgfsamoens.fr\/index.php\/wp-json\/wp\/v2\/pages\/171\/revisions\/785"}],"wp:attachment":[{"href":"https:\/\/aslgfsamoens.fr\/index.php\/wp-json\/wp\/v2\/media?parent=171"}],"curies":[{"name":"wp","href":"https:\/\/api.w.org\/{rel}","templated":true}]}}