{"id":440,"date":"2024-01-03T10:57:22","date_gmt":"2024-01-03T09:57:22","guid":{"rendered":"https:\/\/aslgfsamoens.fr\/?page_id=440"},"modified":"2025-04-08T19:29:16","modified_gmt":"2025-04-08T17:29:16","slug":"ufp74","status":"publish","type":"page","link":"https:\/\/aslgfsamoens.fr\/index.php\/ufp74\/","title":{"rendered":"UFP74 section Faucigny"},"content":{"rendered":"\t\t<div data-elementor-type=\"wp-page\" data-elementor-id=\"440\" class=\"elementor elementor-440\">\n\t\t\t\t<div class=\"elementor-element elementor-element-33d3f66 e-flex e-con-boxed e-con e-parent\" data-id=\"33d3f66\" data-element_type=\"container\">\n\t\t\t\t\t<div class=\"e-con-inner\">\n\t\t\t\t<div class=\"elementor-element elementor-element-e98acbe elementor-widget elementor-widget-text-editor\" data-id=\"e98acbe\" data-element_type=\"widget\" data-widget_type=\"text-editor.default\">\n\t\t\t\t<div class=\"elementor-widget-container\">\n\t\t\t\t\t\t\t\t\t<p><span style=\"text-decoration: underline;\"><strong>Les objectifs de l\u2019UFP74 section Faucigny<br \/><\/strong><\/span><br \/>\u00a0 . Permettre la rencontre entre les propri\u00e9taires forestiers<br \/>\u00a0 . Informer lors de journ\u00e9es ou de r\u00e9unions de vulgarisation<br \/>\u00a0 . Accompagner les propri\u00e9taires dans leurs projets<br \/><br \/><span style=\"text-decoration: underline;\"><strong>Les chiffres<\/strong><\/span><br \/>\u00a0 .\u00a0 Donn\u00e9es cadastrales :<br \/>\u00a0\u00a0\u00a0\u00a0 . 37 communes pour 13 600 ha de for\u00eat<br \/>\u00a0\u00a0\u00a0\u00a0 . 13 375 propri\u00e9taires<br \/>\u00a0\u00a0\u00a0\u00a0 . Surface moyenne par propri\u00e9taire : 1 ha<br \/><br \/><span style=\"text-decoration: underline;\"><strong>Nos missions<\/strong><\/span><br \/>\u00a0 . Vous apporter des conseils personnalis\u00e9s sur la gestion foresti\u00e8re (reboisement, coupe, projet de desserte) et des informations sur les r\u00e9glementations<br \/>\u00a0 . Vous aider pour la cr\u00e9ation de groupements forestiers (familiaux ou petits propri\u00e9taires)<br \/>\u00a0 . Vous accompagner dans vos d\u00e9marches aupr\u00e8s du Conseil G\u00e9n\u00e9ral de la Haute-Savoie pour la r\u00e9alisation des demandes d\u2019aides \u00e0 la restructuration fonci\u00e8re (aide \u00e0 l\u2019acquisition de fonds bois\u00e9s permettant le groupement de parcelles foresti\u00e8res, et aide aux \u00e9changes de fonds bois\u00e9s, dans le cadre d\u2019une charte foresti\u00e8re de territoire)<br \/>\u00a0\u00a0 . Vous accompagner aux c\u00f4t\u00e9s des op\u00e9rateurs de la for\u00eat (coop\u00e9rative et experts) pour la commercialisation de vos bois<br \/><br \/><span style=\"text-decoration: underline;\"><strong>Nos actions<\/strong><\/span><br \/>\u00a0 . La participation \u00e0 des manifestations ayant un int\u00e9r\u00eat forestier<br \/>\u00a0 . La r\u00e9alisation de diagnostics sylvicoles (programmes de coupes et travaux)<br \/>\u00a0 . L\u2019organisation de r\u00e9unions de vulgarisation<br \/>\u00a0 . La r\u00e9alisation de projets collectifs d\u2019organisation de coupe<\/p>\t\t\t\t\t\t\t\t<\/div>\n\t\t\t\t<\/div>\n\t\t\t\t\t<\/div>\n\t\t\t\t<\/div>\n\t\t<div class=\"elementor-element elementor-element-dcdecd7 e-con-full e-flex e-con e-parent\" data-id=\"dcdecd7\" data-element_type=\"container\">\n\t\t\t\t<\/div>\n\t\t<div class=\"elementor-element elementor-element-cf2b5a9 e-flex e-con-boxed e-con e-parent\" data-id=\"cf2b5a9\" data-element_type=\"container\">\n\t\t\t\t\t<div class=\"e-con-inner\">\n\t\t\t\t\t<\/div>\n\t\t\t\t<\/div>\n\t\t\t\t<\/div>\n\t\t","protected":false},"excerpt":{"rendered":"<p>Les objectifs de l\u2019UFP74 section Faucigny . Permettre la rencontre entre les propri\u00e9taires forestiers . Informer lors de journ\u00e9es ou de r\u00e9unions de vulgarisation . Accompagner les propri\u00e9taires dans leurs projets Les chiffres .\u00a0 Donn\u00e9es cadastrales : . 37 communes pour 13 600 ha de for\u00eat . 13 375 propri\u00e9taires . Surface moyenne par propri\u00e9taire [&hellip;]<\/p>\n","protected":false},"author":1,"featured_media":0,"parent":0,"menu_order":0,"comment_status":"closed","ping_status":"closed","template":"","meta":{"om_disable_all_campaigns":false,"passster_activate_protection":false,"passster_protect_child_pages":"","passster_protection_type":"password","passster_password":"","passster_activate_overwrite_defaults":"","passster_headline":"","passster_instruction":"","passster_placeholder":"","passster_button":"","passster_id":"","passster_activate_misc_settings":"","passster_redirect_url":"","passster_hide":"no","passster_area_shortcode":"","_monsterinsights_skip_tracking":false,"_monsterinsights_sitenote_active":false,"_monsterinsights_sitenote_note":"","_monsterinsights_sitenote_category":0,"footnotes":""},"class_list":["post-440","page","type-page","status-publish","hentry"],"aioseo_notices":[],"_links":{"self":[{"href":"https:\/\/aslgfsamoens.fr\/index.php\/wp-json\/wp\/v2\/pages\/440","targetHints":{"allow":["GET"]}}],"collection":[{"href":"https:\/\/aslgfsamoens.fr\/index.php\/wp-json\/wp\/v2\/pages"}],"about":[{"href":"https:\/\/aslgfsamoens.fr\/index.php\/wp-json\/wp\/v2\/types\/page"}],"author":[{"embeddable":true,"href":"https:\/\/aslgfsamoens.fr\/index.php\/wp-json\/wp\/v2\/users\/1"}],"replies":[{"embeddable":true,"href":"https:\/\/aslgfsamoens.fr\/index.php\/wp-json\/wp\/v2\/comments?post=440"}],"version-history":[{"count":10,"href":"https:\/\/aslgfsamoens.fr\/index.php\/wp-json\/wp\/v2\/pages\/440\/revisions"}],"predecessor-version":[{"id":781,"href":"https:\/\/aslgfsamoens.fr\/index.php\/wp-json\/wp\/v2\/pages\/440\/revisions\/781"}],"wp:attachment":[{"href":"https:\/\/aslgfsamoens.fr\/index.php\/wp-json\/wp\/v2\/media?parent=440"}],"curies":[{"name":"wp","href":"https:\/\/api.w.org\/{rel}","templated":true}]}}