{"id":452,"date":"2024-01-24T11:52:08","date_gmt":"2024-01-24T10:52:08","guid":{"rendered":"https:\/\/aslgfsamoens.fr\/?page_id=452"},"modified":"2025-04-08T18:48:40","modified_gmt":"2025-04-08T16:48:40","slug":"la-chalarose","status":"publish","type":"page","link":"https:\/\/aslgfsamoens.fr\/index.php\/la-chalarose\/","title":{"rendered":"La chalarose"},"content":{"rendered":"\t\t<div data-elementor-type=\"wp-page\" data-elementor-id=\"452\" class=\"elementor elementor-452\">\n\t\t\t\t<div class=\"elementor-element elementor-element-2712a29 e-flex e-con-boxed e-con e-parent\" data-id=\"2712a29\" data-element_type=\"container\">\n\t\t\t\t\t<div class=\"e-con-inner\">\n\t\t\t\t<div class=\"elementor-element elementor-element-2c5fc74 elementor-widget elementor-widget-image\" data-id=\"2c5fc74\" data-element_type=\"widget\" data-widget_type=\"image.default\">\n\t\t\t\t<div class=\"elementor-widget-container\">\n\t\t\t\t\t\t\t\t\t\t\t\t\t\t\t<img fetchpriority=\"high\" decoding=\"async\" width=\"580\" height=\"378\" src=\"https:\/\/aslgfsamoens.fr\/wp-content\/uploads\/2024\/01\/chalarose.jpg\" class=\"attachment-large size-large wp-image-478\" alt=\"\" srcset=\"https:\/\/aslgfsamoens.fr\/wp-content\/uploads\/2024\/01\/chalarose.jpg 602w, https:\/\/aslgfsamoens.fr\/wp-content\/uploads\/2024\/01\/chalarose-300x195.jpg 300w\" sizes=\"(max-width: 580px) 100vw, 580px\" \/>\t\t\t\t\t\t\t\t\t\t\t\t\t\t\t<\/div>\n\t\t\t\t<\/div>\n\t\t\t\t\t<\/div>\n\t\t\t\t<\/div>\n\t\t<div class=\"elementor-element elementor-element-41965e2 e-flex e-con-boxed e-con e-parent\" data-id=\"41965e2\" data-element_type=\"container\">\n\t\t\t\t\t<div class=\"e-con-inner\">\n\t\t\t\t<div class=\"elementor-element elementor-element-3c39271 elementor-widget elementor-widget-text-editor\" data-id=\"3c39271\" data-element_type=\"widget\" data-widget_type=\"text-editor.default\">\n\t\t\t\t<div class=\"elementor-widget-container\">\n\t\t\t\t\t\t\t\t\t<p>La <strong>chalarose du fr\u00eane<\/strong> est une maladie qui ne s&#8217;attaque qu&#8217;au Fraxinus, arbre de la famille des Oleaceae. Elle est due \u00e0 un champignon pathog\u00e8ne, le <em>Chalara fraxinea<\/em>. Zoom sur les caract\u00e9ristiques, les principaux sympt\u00f4mes qui permettent de la diagnostiquer et les moyens de lutter contre cette maladie.<\/p><h2><strong>Chalarose du fr\u00eane : origine et description<\/strong><\/h2><h3><strong>Histoire de la chalarose du fr\u00eane<\/strong><\/h3><p>C&#8217;est dans les ann\u00e9es 90 que la chalarose du fr\u00eane appara\u00eet et le premier pays touch\u00e9 est la Pologne. La maladie ne tarde pas malgr\u00e9 tout \u00e0 gagner les pays voisins puis toute l&#8217;Europe. En 2008, la France constate les premiers sympt\u00f4mes et plus pr\u00e9cis\u00e9ment en Haute-Sa\u00f4ne.<\/p><p>En 2016, les fr\u00eanes font l&#8217;objet d&#8217;une s\u00e9rieuse menace d&#8217;extinction au point que certaines villes fran\u00e7aises, comme Reims o\u00f9 le fr\u00eane est un arbre d&#8217;alignement largement pr\u00e9sent, lancent une alerte g\u00e9n\u00e9rale. Parmi les autres pays europ\u00e9ens concern\u00e9s, on trouve la Lituanie, le Danemark ou encore la Su\u00e8de, mais les vari\u00e9t\u00e9s de fr\u00eanes qui s&#8217;y d\u00e9veloppent sont plus r\u00e9sistantes \u00e0 la chalarose que les sp\u00e9cimens pr\u00e9sents sur notre territoire national.<\/p><p>Cette maladie cryptogamique est due \u00e0 la pr\u00e9sence du <em>Chalara fraxinea<\/em>. Ce champignon parasite est transport\u00e9 par le vent, ce qui facilite la contamination des fr\u00eanes, plus ou moins intense selon les zones g\u00e9ographiques.<\/p><h3><strong>Mode de diss\u00e9mination de la chalarose du fr\u00eane<\/strong><\/h3><p>C&#8217;est essentiellement entre juillet et septembre que <em>Chalara fraxinea <\/em>infecte les r\u00e9sidus de fr\u00eanes jonchant le sol. Ses spores arrivent \u00e0 maturation durant la nuit lorsque l&#8217;air pr\u00e9sente un taux d&#8217;humidit\u00e9 important. Ils sont ensuite facilement diss\u00e9min\u00e9s par le vent et plus particuli\u00e8rement le matin.<\/p><p>Le champignon pathog\u00e8ne s&#8217;installe puis se d\u00e9veloppe dans le bois des fr\u00eanes. Une embolie se d\u00e9clare ensuite par le blocage des vaisseaux qui v\u00e9hiculent la s\u00e8ve au c\u0153ur du v\u00e9g\u00e9tal.<\/p><p><strong>Bon \u00e0 savoir<\/strong> : la chalarose du fr\u00eane attaque aussi bien les jeunes arbres que les sp\u00e9cimens les plus matures.<\/p><p>\u00a0<\/p><p><strong>Chalarose du fr\u00eane : sympt\u00f4mes et diagnostic<\/strong><\/p><p>Diagnostiquer la chalarose du fr\u00eane le plus t\u00f4t possible est indispensable pour agir. Sans intervention, la maladie a en effet toutes les chances de se propager tr\u00e8s vite. Le champignon pathog\u00e8ne mis en cause est extr\u00eamement virulent.<\/p><p>Les sympt\u00f4mes de la chalarose du fr\u00eane peuvent appara\u00eetre sur la base du tronc, l&#8217;\u00e9corce, les <a href=\"https:\/\/phytotherapie.ooreka.fr\/astuce\/voir\/416939\/feuille-de-frene\">feuilles<\/a> et les rameaux. On constate dans l&#8217;ordre :<\/p><ul><li>un fl\u00e9trissement des pousses, puis un d\u00e9ficit foliaire ;<\/li><li>une d\u00e9coloration sur diff\u00e9rentes zones de l&#8217;arbre touch\u00e9 ;<\/li><li>une cime d\u00e9garnie ;<\/li><li>un d\u00e9p\u00e9rissement des branches ;<\/li><li>une n\u00e9crose de l&#8217;\u00e9corce qui s&#8217;amplifie avec le temps ;<\/li><li>un affaiblissement g\u00e9n\u00e9ral menant irr\u00e9m\u00e9diablement \u00e0 la mort de l&#8217;arbre.<\/li><\/ul><p><strong>Attention <\/strong>: un fr\u00eane qui montre des signes d&#8217;affaiblissement ne souffre pas n\u00e9cessairement de chalarose. Au moindre doute, demandez conseil \u00e0 un sp\u00e9cialiste en sylviculture.<\/p><h2><strong>Chalarose du fr\u00eane : actions et traitement<\/strong><\/h2><p>La pr\u00e9sence de la maladie est de plus en plus cons\u00e9quente, aucun traitement n&#8217;\u00e9tant en mesure d&#8217;agir efficacement. On constate d&#8217;ailleurs dans certaines r\u00e9gions un taux de mortalit\u00e9 massif des fr\u00eanes.<\/p><p>La premi\u00e8re action \u00e0 mener lorsque l&#8217;on constate une contamination est d&#8217;<strong>effectuer un nettoyage drastique<\/strong> impliquant :<\/p><ul><li>la taille des branches et rameaux touch\u00e9s ;<\/li><li>leur destruction par le feu ;<\/li><li>la d\u00e9sinfection des outils utilis\u00e9s.<\/li><\/ul><p>Cela ne suffit pas malgr\u00e9 tout parfois \u00e0 \u00e9radiquer la chalarose du fr\u00eane. Aujourd&#8217;hui, cette maladie inqui\u00e8te, qu&#8217;elle concerne les arbres des milieux urbains ou ceux des for\u00eats. La recherche scientifique tente de trouver des solutions et travaille notamment sur la g\u00e9n\u00e9tique du fr\u00eane ; le but \u00e9tant de pouvoir cr\u00e9er une vari\u00e9t\u00e9 de fr\u00eanes r\u00e9sistant \u00e0 la chalarose.<\/p><p><strong>\u00c0 noter <\/strong>: la lutte contre l&#8217;invasion de chalarose du fr\u00eane passe \u00e9galement par la diversification des essences.<\/p>\t\t\t\t\t\t\t\t<\/div>\n\t\t\t\t<\/div>\n\t\t\t\t\t<\/div>\n\t\t\t\t<\/div>\n\t\t\t\t<\/div>\n\t\t","protected":false},"excerpt":{"rendered":"<p>La chalarose du fr\u00eane est une maladie qui ne s&#8217;attaque qu&#8217;au Fraxinus, arbre de la famille des Oleaceae. Elle est due \u00e0 un champignon pathog\u00e8ne, le Chalara fraxinea. Zoom sur les caract\u00e9ristiques, les principaux sympt\u00f4mes qui permettent de la diagnostiquer et les moyens de lutter contre cette maladie. Chalarose du fr\u00eane : origine et description [&hellip;]<\/p>\n","protected":false},"author":1,"featured_media":0,"parent":0,"menu_order":0,"comment_status":"closed","ping_status":"closed","template":"","meta":{"om_disable_all_campaigns":false,"passster_activate_protection":false,"passster_protect_child_pages":"","passster_protection_type":"password","passster_password":"","passster_activate_overwrite_defaults":"","passster_headline":"","passster_instruction":"","passster_placeholder":"","passster_button":"","passster_id":"","passster_activate_misc_settings":"","passster_redirect_url":"","passster_hide":"no","passster_area_shortcode":"","_monsterinsights_skip_tracking":false,"_monsterinsights_sitenote_active":false,"_monsterinsights_sitenote_note":"","_monsterinsights_sitenote_category":0,"footnotes":""},"class_list":["post-452","page","type-page","status-publish","hentry"],"aioseo_notices":[],"_links":{"self":[{"href":"https:\/\/aslgfsamoens.fr\/index.php\/wp-json\/wp\/v2\/pages\/452","targetHints":{"allow":["GET"]}}],"collection":[{"href":"https:\/\/aslgfsamoens.fr\/index.php\/wp-json\/wp\/v2\/pages"}],"about":[{"href":"https:\/\/aslgfsamoens.fr\/index.php\/wp-json\/wp\/v2\/types\/page"}],"author":[{"embeddable":true,"href":"https:\/\/aslgfsamoens.fr\/index.php\/wp-json\/wp\/v2\/users\/1"}],"replies":[{"embeddable":true,"href":"https:\/\/aslgfsamoens.fr\/index.php\/wp-json\/wp\/v2\/comments?post=452"}],"version-history":[{"count":8,"href":"https:\/\/aslgfsamoens.fr\/index.php\/wp-json\/wp\/v2\/pages\/452\/revisions"}],"predecessor-version":[{"id":767,"href":"https:\/\/aslgfsamoens.fr\/index.php\/wp-json\/wp\/v2\/pages\/452\/revisions\/767"}],"wp:attachment":[{"href":"https:\/\/aslgfsamoens.fr\/index.php\/wp-json\/wp\/v2\/media?parent=452"}],"curies":[{"name":"wp","href":"https:\/\/api.w.org\/{rel}","templated":true}]}}